{"id":52,"date":"2020-08-31T15:09:00","date_gmt":"2020-08-31T15:09:00","guid":{"rendered":"http:\/\/claudette.overest.by\/?page_id=52"},"modified":"2020-10-06T20:26:12","modified_gmt":"2020-10-06T20:26:12","slug":"sobre-mi","status":"publish","type":"page","link":"https:\/\/claudettecolombani.com\/en\/sobre-mi\/","title":{"rendered":"Sobre m\u00ed"},"content":{"rendered":"","protected":false},"excerpt":{"rendered":"","protected":false},"author":1,"featured_media":0,"parent":0,"menu_order":0,"comment_status":"closed","ping_status":"closed","template":"template-sobre-mi.php","meta":{"footnotes":""},"class_list":["post-52","page","type-page","status-publish","hentry"],"yoast_head":"<!-- This site is optimized with the Yoast SEO plugin v27.2 - https:\/\/yoast.com\/product\/yoast-seo-wordpress\/ -->\n<title>Sobre m\u00ed<\/title>\n<meta name=\"description\" content=\"Astrology, Tensergic Medicine, Hypnosis, Regressions, EFT, Ho&#039;oponopono, \u00a9 Akashic Shamanism K92 | El Puerto de Santa Mar\u00eda, C\u00e1diz\" \/>\n<meta name=\"robots\" content=\"index, follow, max-snippet:-1, max-image-preview:large, max-video-preview:-1\" \/>\n<link rel=\"canonical\" href=\"https:\/\/claudettecolombani.com\/en\/sobre-mi\/\" \/>\n<meta property=\"og:locale\" content=\"en_US\" \/>\n<meta property=\"og:locale:alternate\" content=\"es_ES\" \/>\n<meta property=\"og:type\" content=\"article\" \/>\n<meta property=\"og:title\" content=\"Sobre m\u00ed\" \/>\n<meta property=\"og:description\" content=\"Sobre m\u00ed. Astrolog\u00eda, Medicina Tenserg\u00e9tica, Hipnosis, Regresiones, EFT, Ho\u00b4oponopono, \u00a9Chamanismo Ak\u00e1shico K92 | El Puerto de Santa Mar\u00eda\" \/>\n<meta property=\"og:url\" content=\"https:\/\/claudettecolombani.com\/en\/sobre-mi\/\" \/>\n<meta property=\"og:site_name\" content=\"Claudette Colombani. Sesiones individuales, Cursos, Charlas y Meditaciones.\" \/>\n<meta property=\"article:modified_time\" content=\"2020-10-06T20:26:12+00:00\" \/>\n<meta name=\"twitter:card\" content=\"summary_large_image\" \/>\n<script type=\"application\/ld+json\" class=\"yoast-schema-graph\">{\"@context\":\"https:\/\/schema.org\",\"@graph\":[{\"@type\":\"WebPage\",\"@id\":\"https:\/\/claudettecolombani.com\/sobre-mi\/\",\"url\":\"https:\/\/claudettecolombani.com\/sobre-mi\/\",\"name\":\"Sobre m\u00ed\",\"isPartOf\":{\"@id\":\"https:\/\/claudettecolombani.com\/#website\"},\"datePublished\":\"2020-08-31T15:09:00+00:00\",\"dateModified\":\"2020-10-06T20:26:12+00:00\",\"description\":\"Sobre m\u00ed. Astrolog\u00eda, Medicina Tenserg\u00e9tica, Hipnosis, Regresiones, EFT, Ho\u00b4oponopono, \u00a9Chamanismo Ak\u00e1shico K92 | El Puerto de Santa Mar\u00eda\",\"inLanguage\":\"en-US\",\"potentialAction\":[{\"@type\":\"ReadAction\",\"target\":[\"https:\/\/claudettecolombani.com\/sobre-mi\/\"]}]},{\"@type\":\"WebSite\",\"@id\":\"https:\/\/claudettecolombani.com\/#website\",\"url\":\"https:\/\/claudettecolombani.com\/\",\"name\":\"Claudette Colombani. Sesiones individuales, Cursos, Charlas y Meditaciones.\",\"description\":\"\",\"potentialAction\":[{\"@type\":\"SearchAction\",\"target\":{\"@type\":\"EntryPoint\",\"urlTemplate\":\"https:\/\/claudettecolombani.com\/?s={search_term_string}\"},\"query-input\":{\"@type\":\"PropertyValueSpecification\",\"valueRequired\":true,\"valueName\":\"search_term_string\"}}],\"inLanguage\":\"en-US\"}]}<\/script>\n<!-- \/ Yoast SEO plugin. -->","yoast_head_json":{"title":"Sobre m\u00ed","description":"Astrology, Tensergic Medicine, Hypnosis, Regressions, EFT, Ho'oponopono, \u00a9 Akashic Shamanism K92 | El Puerto de Santa Mar\u00eda, C\u00e1diz","robots":{"index":"index","follow":"follow","max-snippet":"max-snippet:-1","max-image-preview":"max-image-preview:large","max-video-preview":"max-video-preview:-1"},"canonical":"https:\/\/claudettecolombani.com\/en\/sobre-mi\/","og_locale":"en_US","og_type":"article","og_title":"[:en]Sobre m\u00ed[:es]Sobre m\u00ed[:] - Claudette Colombani. Sesiones individuales, Cursos, Charlas y Meditaciones.","og_description":"Sobre m\u00ed. Astrolog\u00eda, Medicina Tenserg\u00e9tica, Hipnosis, Regresiones, EFT, Ho\u00b4oponopono, \u00a9Chamanismo Ak\u00e1shico K92 | El Puerto de Santa Mar\u00eda","og_url":"https:\/\/claudettecolombani.com\/en\/sobre-mi\/","og_site_name":"Claudette Colombani. Sesiones individuales, Cursos, Charlas y Meditaciones.","article_modified_time":"2020-10-06T20:26:12+00:00","twitter_card":"summary_large_image","schema":{"@context":"https:\/\/schema.org","@graph":[{"@type":"WebPage","@id":"https:\/\/claudettecolombani.com\/sobre-mi\/","url":"https:\/\/claudettecolombani.com\/sobre-mi\/","name":"Sobre m\u00ed","isPartOf":{"@id":"https:\/\/claudettecolombani.com\/#website"},"datePublished":"2020-08-31T15:09:00+00:00","dateModified":"2020-10-06T20:26:12+00:00","description":"Sobre m\u00ed. Astrolog\u00eda, Medicina Tenserg\u00e9tica, Hipnosis, Regresiones, EFT, Ho\u00b4oponopono, \u00a9Chamanismo Ak\u00e1shico K92 | El Puerto de Santa Mar\u00eda","inLanguage":"en-US","potentialAction":[{"@type":"ReadAction","target":["https:\/\/claudettecolombani.com\/sobre-mi\/"]}]},{"@type":"WebSite","@id":"https:\/\/claudettecolombani.com\/#website","url":"https:\/\/claudettecolombani.com\/","name":"Claudette Colombani. Sesiones individuales, Cursos, Charlas y Meditaciones.","description":"","potentialAction":[{"@type":"SearchAction","target":{"@type":"EntryPoint","urlTemplate":"https:\/\/claudettecolombani.com\/?s={search_term_string}"},"query-input":{"@type":"PropertyValueSpecification","valueRequired":true,"valueName":"search_term_string"}}],"inLanguage":"en-US"}]}},"_links":{"self":[{"href":"https:\/\/claudettecolombani.com\/en\/wp-json\/wp\/v2\/pages\/52","targetHints":{"allow":["GET"]}}],"collection":[{"href":"https:\/\/claudettecolombani.com\/en\/wp-json\/wp\/v2\/pages"}],"about":[{"href":"https:\/\/claudettecolombani.com\/en\/wp-json\/wp\/v2\/types\/page"}],"author":[{"embeddable":true,"href":"https:\/\/claudettecolombani.com\/en\/wp-json\/wp\/v2\/users\/1"}],"replies":[{"embeddable":true,"href":"https:\/\/claudettecolombani.com\/en\/wp-json\/wp\/v2\/comments?post=52"}],"version-history":[{"count":2,"href":"https:\/\/claudettecolombani.com\/en\/wp-json\/wp\/v2\/pages\/52\/revisions"}],"predecessor-version":[{"id":72,"href":"https:\/\/claudettecolombani.com\/en\/wp-json\/wp\/v2\/pages\/52\/revisions\/72"}],"wp:attachment":[{"href":"https:\/\/claudettecolombani.com\/en\/wp-json\/wp\/v2\/media?parent=52"}],"curies":[{"name":"wp","href":"https:\/\/api.w.org\/{rel}","templated":true}]}}